{"id":9,"date":"2019-09-01T14:42:26","date_gmt":"2019-09-01T14:42:26","guid":{"rendered":"https:\/\/tiszavirag-vendeghaz.site\/?page_id=9"},"modified":"2019-09-27T18:31:55","modified_gmt":"2019-09-27T18:31:55","slug":"rolunkirtak","status":"publish","type":"page","link":"https:\/\/tiszavirag-vendeghaz.site\/index.php\/rolunkirtak\/","title":{"rendered":"R\u00f3lunk \u00edrt\u00e1k"},"content":{"rendered":"\t\t<div data-elementor-type=\"wp-post\" data-elementor-id=\"9\" class=\"elementor elementor-9\">\n\t\t\t\t\t\t<section class=\"elementor-section elementor-top-section elementor-element elementor-element-4045ea9a elementor-section-boxed elementor-section-height-default elementor-section-height-default\" data-id=\"4045ea9a\" data-element_type=\"section\" data-e-type=\"section\">\n\t\t\t\t\t\t<div class=\"elementor-container elementor-column-gap-default\">\n\t\t\t\t\t<div class=\"elementor-column elementor-col-100 elementor-top-column elementor-element elementor-element-280703ce\" data-id=\"280703ce\" data-element_type=\"column\" data-e-type=\"column\">\n\t\t\t<div class=\"elementor-widget-wrap elementor-element-populated\">\n\t\t\t\t\t\t<div class=\"elementor-element elementor-element-f12be31 elementor-invisible elementor-widget elementor-widget-testimonial\" data-id=\"f12be31\" data-element_type=\"widget\" data-e-type=\"widget\" data-settings=\"{&quot;_animation&quot;:&quot;fadeIn&quot;}\" data-widget_type=\"testimonial.default\">\n\t\t\t\t<div class=\"elementor-widget-container\">\n\t\t\t\t\t\t\t<div class=\"elementor-testimonial-wrapper\">\n\t\t\t\t\t\t\t<div class=\"elementor-testimonial-content\">\"Nagyszer\u0171en \u00e9rezt\u00fck magunkat. Rengetek program van a k\u00f6rny\u00e9ken, aki szeret horg\u00e1szni annak k\u00f6telez\u0151.\nAj\u00e1nlom m\u00e9g a csal\u00e1dosoknak is mert remek\u00fcl lehet v\u00e9gre \u00e9lvezni a nyugalmat \u00e9s a cs\u00f6ndet.\"<\/div>\n\t\t\t\n\t\t\t\t\t\t<div class=\"elementor-testimonial-meta elementor-has-image elementor-testimonial-image-position-aside\">\n\t\t\t\t<div class=\"elementor-testimonial-meta-inner\">\n\t\t\t\t\t\t\t\t\t\t\t<div class=\"elementor-testimonial-image\">\n\t\t\t\t\t\t\t<img fetchpriority=\"high\" decoding=\"async\" width=\"2100\" height=\"2000\" src=\"https:\/\/tiszavirag-vendeghaz.site\/wp-content\/uploads\/2019\/09\/man1.png\" class=\"attachment-full size-full wp-image-223\" alt=\"\" srcset=\"https:\/\/tiszavirag-vendeghaz.site\/wp-content\/uploads\/2019\/09\/man1.png 2100w, https:\/\/tiszavirag-vendeghaz.site\/wp-content\/uploads\/2019\/09\/man1-300x286.png 300w, https:\/\/tiszavirag-vendeghaz.site\/wp-content\/uploads\/2019\/09\/man1-768x731.png 768w, https:\/\/tiszavirag-vendeghaz.site\/wp-content\/uploads\/2019\/09\/man1-1024x975.png 1024w\" sizes=\"(max-width: 767px) 89vw, (max-width: 1000px) 54vw, (max-width: 1071px) 543px, 580px\" \/>\t\t\t\t\t\t<\/div>\n\t\t\t\t\t\n\t\t\t\t\t\t\t\t\t\t<div class=\"elementor-testimonial-details\">\n\t\t\t\t\t\t\t\t\t\t\t\t\t\t<div class=\"elementor-testimonial-name\">Harmati Elek<\/div>\n\t\t\t\t\t\t\t\t\t\t\t\t\t\t\t\t\t\t\t\t\t\t<div class=\"elementor-testimonial-job\">Vend\u00e9g\u00fcnk<\/div>\n\t\t\t\t\t\t\t\t\t\t\t\t\t<\/div>\n\t\t\t\t\t\t\t\t\t<\/div>\n\t\t\t<\/div>\n\t\t\t\t\t<\/div>\n\t\t\t\t\t\t<\/div>\n\t\t\t\t<\/div>\n\t\t\t\t\t<\/div>\n\t\t<\/div>\n\t\t\t\t\t<\/div>\n\t\t<\/section>\n\t\t\t\t<section class=\"elementor-section elementor-top-section elementor-element elementor-element-6c81f3e elementor-section-boxed elementor-section-height-default elementor-section-height-default\" data-id=\"6c81f3e\" data-element_type=\"section\" data-e-type=\"section\">\n\t\t\t\t\t\t<div class=\"elementor-container elementor-column-gap-default\">\n\t\t\t\t\t<div class=\"elementor-column elementor-col-100 elementor-top-column elementor-element elementor-element-dfd7641\" data-id=\"dfd7641\" data-element_type=\"column\" data-e-type=\"column\">\n\t\t\t<div class=\"elementor-widget-wrap elementor-element-populated\">\n\t\t\t\t\t\t<div class=\"elementor-element elementor-element-5280f94 elementor-widget elementor-widget-spacer\" data-id=\"5280f94\" data-element_type=\"widget\" data-e-type=\"widget\" data-widget_type=\"spacer.default\">\n\t\t\t\t<div class=\"elementor-widget-container\">\n\t\t\t\t\t\t\t<div class=\"elementor-spacer\">\n\t\t\t<div class=\"elementor-spacer-inner\"><\/div>\n\t\t<\/div>\n\t\t\t\t\t\t<\/div>\n\t\t\t\t<\/div>\n\t\t\t\t\t<\/div>\n\t\t<\/div>\n\t\t\t\t\t<\/div>\n\t\t<\/section>\n\t\t\t\t<section class=\"elementor-section elementor-top-section elementor-element elementor-element-75f6b8b elementor-section-boxed elementor-section-height-default elementor-section-height-default\" data-id=\"75f6b8b\" data-element_type=\"section\" data-e-type=\"section\">\n\t\t\t\t\t\t<div class=\"elementor-container elementor-column-gap-default\">\n\t\t\t\t\t<div class=\"elementor-column elementor-col-100 elementor-top-column elementor-element elementor-element-22ce0c1\" data-id=\"22ce0c1\" data-element_type=\"column\" data-e-type=\"column\">\n\t\t\t<div class=\"elementor-widget-wrap elementor-element-populated\">\n\t\t\t\t\t\t<div class=\"elementor-element elementor-element-ba3e33d elementor-invisible elementor-widget elementor-widget-testimonial\" data-id=\"ba3e33d\" data-element_type=\"widget\" data-e-type=\"widget\" data-settings=\"{&quot;_animation&quot;:&quot;fadeIn&quot;}\" data-widget_type=\"testimonial.default\">\n\t\t\t\t<div class=\"elementor-widget-container\">\n\t\t\t\t\t\t\t<div class=\"elementor-testimonial-wrapper\">\n\t\t\t\t\t\t\t<div class=\"elementor-testimonial-content\">\"Im\u00e1dom a Tisza tavat. Az eg\u00e9sz csal\u00e1dnak nagyszer\u0171 \u00e9lm\u00e9ny volt, de f\u0151leg nekem. Anyak\u00e9nt sokszor megfeledkezik az ember alapvet\u0151 dolgokr\u00f3l (pl.: fogkr\u00e9m, tusf\u00fcrd\u0151 stb...) egy nyaral\u00e1s sor\u00e1n. Amikor meg\u00e9rkezt\u00fcnk kider\u00fclt hogy az \u00f6sszes f\u00fcrd\u0151szobai felszerel\u00e9s\u00fcnk otthon maradt, De mindenre volt megold\u00e1s!\nA h\u00e1z felszerelts\u00e9ge 10-est \u00e9rdemel, \u00e9s az alapvet\u0151 dolgokr\u00f3l m\u00e9g nem is besz\u00e9ltem. Tiszta \u00e1gynem\u0171, sehol egy p\u00f3kh\u00e1l\u00f3 a h\u00e1zban, komplett konyhai felszerel\u00e9s. Biztos j\u00f6v\u00fcnk m\u00e9g!\"<\/div>\n\t\t\t\n\t\t\t\t\t\t<div class=\"elementor-testimonial-meta elementor-has-image elementor-testimonial-image-position-aside\">\n\t\t\t\t<div class=\"elementor-testimonial-meta-inner\">\n\t\t\t\t\t\t\t\t\t\t\t<div class=\"elementor-testimonial-image\">\n\t\t\t\t\t\t\t<img decoding=\"async\" width=\"2100\" height=\"2000\" src=\"https:\/\/tiszavirag-vendeghaz.site\/wp-content\/uploads\/2019\/09\/girl1.png\" class=\"attachment-full size-full wp-image-227\" alt=\"\" srcset=\"https:\/\/tiszavirag-vendeghaz.site\/wp-content\/uploads\/2019\/09\/girl1.png 2100w, https:\/\/tiszavirag-vendeghaz.site\/wp-content\/uploads\/2019\/09\/girl1-300x286.png 300w, https:\/\/tiszavirag-vendeghaz.site\/wp-content\/uploads\/2019\/09\/girl1-768x731.png 768w, https:\/\/tiszavirag-vendeghaz.site\/wp-content\/uploads\/2019\/09\/girl1-1024x975.png 1024w\" sizes=\"(max-width: 767px) 89vw, (max-width: 1000px) 54vw, (max-width: 1071px) 543px, 580px\" \/>\t\t\t\t\t\t<\/div>\n\t\t\t\t\t\n\t\t\t\t\t\t\t\t\t\t<div class=\"elementor-testimonial-details\">\n\t\t\t\t\t\t\t\t\t\t\t\t\t\t<div class=\"elementor-testimonial-name\">Balog Csilla<\/div>\n\t\t\t\t\t\t\t\t\t\t\t\t\t\t\t\t\t\t\t\t\t\t<div class=\"elementor-testimonial-job\">Vend\u00e9g\u00fcnk<\/div>\n\t\t\t\t\t\t\t\t\t\t\t\t\t<\/div>\n\t\t\t\t\t\t\t\t\t<\/div>\n\t\t\t<\/div>\n\t\t\t\t\t<\/div>\n\t\t\t\t\t\t<\/div>\n\t\t\t\t<\/div>\n\t\t\t\t\t<\/div>\n\t\t<\/div>\n\t\t\t\t\t<\/div>\n\t\t<\/section>\n\t\t\t\t<section class=\"elementor-section elementor-top-section elementor-element elementor-element-d721307 elementor-section-boxed elementor-section-height-default elementor-section-height-default\" data-id=\"d721307\" data-element_type=\"section\" data-e-type=\"section\">\n\t\t\t\t\t\t<div class=\"elementor-container elementor-column-gap-default\">\n\t\t\t\t\t<div class=\"elementor-column elementor-col-100 elementor-top-column elementor-element elementor-element-cb700be\" data-id=\"cb700be\" data-element_type=\"column\" data-e-type=\"column\">\n\t\t\t<div class=\"elementor-widget-wrap elementor-element-populated\">\n\t\t\t\t\t\t<div class=\"elementor-element elementor-element-884c6f2 elementor-widget elementor-widget-spacer\" data-id=\"884c6f2\" data-element_type=\"widget\" data-e-type=\"widget\" data-widget_type=\"spacer.default\">\n\t\t\t\t<div class=\"elementor-widget-container\">\n\t\t\t\t\t\t\t<div class=\"elementor-spacer\">\n\t\t\t<div class=\"elementor-spacer-inner\"><\/div>\n\t\t<\/div>\n\t\t\t\t\t\t<\/div>\n\t\t\t\t<\/div>\n\t\t\t\t\t<\/div>\n\t\t<\/div>\n\t\t\t\t\t<\/div>\n\t\t<\/section>\n\t\t\t\t<section class=\"elementor-section elementor-top-section elementor-element elementor-element-b2319dd elementor-section-boxed elementor-section-height-default elementor-section-height-default\" data-id=\"b2319dd\" data-element_type=\"section\" data-e-type=\"section\">\n\t\t\t\t\t\t<div class=\"elementor-container elementor-column-gap-default\">\n\t\t\t\t\t<div class=\"elementor-column elementor-col-100 elementor-top-column elementor-element elementor-element-dd115d0\" data-id=\"dd115d0\" data-element_type=\"column\" data-e-type=\"column\">\n\t\t\t<div class=\"elementor-widget-wrap elementor-element-populated\">\n\t\t\t\t\t\t<div class=\"elementor-element elementor-element-ba28d3a elementor-invisible elementor-widget elementor-widget-testimonial\" data-id=\"ba28d3a\" data-element_type=\"widget\" data-e-type=\"widget\" data-settings=\"{&quot;_animation&quot;:&quot;fadeIn&quot;}\" data-widget_type=\"testimonial.default\">\n\t\t\t\t<div class=\"elementor-widget-container\">\n\t\t\t\t\t\t\t<div class=\"elementor-testimonial-wrapper\">\n\t\t\t\t\t\t\t<div class=\"elementor-testimonial-content\">\"Ritk\u00e1n megy\u00fcnk nyaralni sajnos, ez\u00e9rt fontos hogy t\u00e9nyleg j\u00f3l \u00e9rezz\u00fck magunkat! Mi csakis ide j\u00f6v\u00fcnk nyaralni az unok\u00e1kkal \u00e9s m\u00e9g a kutyust sem hagyjuk otthon. Remek \u00f6tlet szerintem hogy a h\u00e1zi\u00e1llatunknak is van hely.\"<\/div>\n\t\t\t\n\t\t\t\t\t\t<div class=\"elementor-testimonial-meta elementor-has-image elementor-testimonial-image-position-aside\">\n\t\t\t\t<div class=\"elementor-testimonial-meta-inner\">\n\t\t\t\t\t\t\t\t\t\t\t<div class=\"elementor-testimonial-image\">\n\t\t\t\t\t\t\t<img decoding=\"async\" width=\"2100\" height=\"2000\" src=\"https:\/\/tiszavirag-vendeghaz.site\/wp-content\/uploads\/2019\/09\/man2.png\" class=\"attachment-full size-full wp-image-224\" alt=\"\" srcset=\"https:\/\/tiszavirag-vendeghaz.site\/wp-content\/uploads\/2019\/09\/man2.png 2100w, https:\/\/tiszavirag-vendeghaz.site\/wp-content\/uploads\/2019\/09\/man2-300x286.png 300w, https:\/\/tiszavirag-vendeghaz.site\/wp-content\/uploads\/2019\/09\/man2-768x731.png 768w, https:\/\/tiszavirag-vendeghaz.site\/wp-content\/uploads\/2019\/09\/man2-1024x975.png 1024w\" sizes=\"(max-width: 767px) 89vw, (max-width: 1000px) 54vw, (max-width: 1071px) 543px, 580px\" \/>\t\t\t\t\t\t<\/div>\n\t\t\t\t\t\n\t\t\t\t\t\t\t\t\t\t<div class=\"elementor-testimonial-details\">\n\t\t\t\t\t\t\t\t\t\t\t\t\t\t<div class=\"elementor-testimonial-name\">T\u00f3th P\u00e9ter<\/div>\n\t\t\t\t\t\t\t\t\t\t\t\t\t\t\t\t\t\t\t\t\t\t<div class=\"elementor-testimonial-job\">Vend\u00e9g\u00fcnk<\/div>\n\t\t\t\t\t\t\t\t\t\t\t\t\t<\/div>\n\t\t\t\t\t\t\t\t\t<\/div>\n\t\t\t<\/div>\n\t\t\t\t\t<\/div>\n\t\t\t\t\t\t<\/div>\n\t\t\t\t<\/div>\n\t\t\t\t\t<\/div>\n\t\t<\/div>\n\t\t\t\t\t<\/div>\n\t\t<\/section>\n\t\t\t\t<section class=\"elementor-section elementor-top-section elementor-element elementor-element-bd6a3e6 elementor-section-boxed elementor-section-height-default elementor-section-height-default\" data-id=\"bd6a3e6\" data-element_type=\"section\" data-e-type=\"section\">\n\t\t\t\t\t\t<div class=\"elementor-container elementor-column-gap-default\">\n\t\t\t\t\t<div class=\"elementor-column elementor-col-100 elementor-top-column elementor-element elementor-element-c48adaf\" data-id=\"c48adaf\" data-element_type=\"column\" data-e-type=\"column\">\n\t\t\t<div class=\"elementor-widget-wrap elementor-element-populated\">\n\t\t\t\t\t\t<div class=\"elementor-element elementor-element-fc52650 elementor-widget elementor-widget-spacer\" data-id=\"fc52650\" data-element_type=\"widget\" data-e-type=\"widget\" data-widget_type=\"spacer.default\">\n\t\t\t\t<div class=\"elementor-widget-container\">\n\t\t\t\t\t\t\t<div class=\"elementor-spacer\">\n\t\t\t<div class=\"elementor-spacer-inner\"><\/div>\n\t\t<\/div>\n\t\t\t\t\t\t<\/div>\n\t\t\t\t<\/div>\n\t\t\t\t\t<\/div>\n\t\t<\/div>\n\t\t\t\t\t<\/div>\n\t\t<\/section>\n\t\t\t\t<section class=\"elementor-section elementor-top-section elementor-element elementor-element-cb8048a elementor-section-boxed elementor-section-height-default elementor-section-height-default\" data-id=\"cb8048a\" data-element_type=\"section\" data-e-type=\"section\">\n\t\t\t\t\t\t<div class=\"elementor-container elementor-column-gap-default\">\n\t\t\t\t\t<div class=\"elementor-column elementor-col-100 elementor-top-column elementor-element elementor-element-7491c93\" data-id=\"7491c93\" data-element_type=\"column\" data-e-type=\"column\">\n\t\t\t<div class=\"elementor-widget-wrap elementor-element-populated\">\n\t\t\t\t\t\t<div class=\"elementor-element elementor-element-06e0077 elementor-invisible elementor-widget elementor-widget-testimonial\" data-id=\"06e0077\" data-element_type=\"widget\" data-e-type=\"widget\" data-settings=\"{&quot;_animation&quot;:&quot;fadeIn&quot;}\" data-widget_type=\"testimonial.default\">\n\t\t\t\t<div class=\"elementor-widget-container\">\n\t\t\t\t\t\t\t<div class=\"elementor-testimonial-wrapper\">\n\t\t\t\t\t\t\t<div class=\"elementor-testimonial-content\">\"Cs\u00f6nd, Nyugalom, Horg\u00e1szparadicsom...\nDe tal\u00e1n m\u00e9g t\u00f6bb is!\nV\u00e9gre egy hely ahol nem probl\u00e9ma hogy gyerekekkel j\u00f6nn\u00e9nk, s\u0151t m\u00e9g a csal\u00e1d kedvence is j\u00f6hetett vel\u00fcnk.\nMindenkinek aj\u00e1nlom!\"<\/div>\n\t\t\t\n\t\t\t\t\t\t<div class=\"elementor-testimonial-meta elementor-has-image elementor-testimonial-image-position-aside\">\n\t\t\t\t<div class=\"elementor-testimonial-meta-inner\">\n\t\t\t\t\t\t\t\t\t\t\t<div class=\"elementor-testimonial-image\">\n\t\t\t\t\t\t\t<img loading=\"lazy\" decoding=\"async\" width=\"2100\" height=\"2000\" src=\"https:\/\/tiszavirag-vendeghaz.site\/wp-content\/uploads\/2019\/09\/man4.png\" class=\"attachment-full size-full wp-image-225\" alt=\"\" srcset=\"https:\/\/tiszavirag-vendeghaz.site\/wp-content\/uploads\/2019\/09\/man4.png 2100w, https:\/\/tiszavirag-vendeghaz.site\/wp-content\/uploads\/2019\/09\/man4-300x286.png 300w, https:\/\/tiszavirag-vendeghaz.site\/wp-content\/uploads\/2019\/09\/man4-768x731.png 768w, https:\/\/tiszavirag-vendeghaz.site\/wp-content\/uploads\/2019\/09\/man4-1024x975.png 1024w\" sizes=\"(max-width: 767px) 89vw, (max-width: 1000px) 54vw, (max-width: 1071px) 543px, 580px\" \/>\t\t\t\t\t\t<\/div>\n\t\t\t\t\t\n\t\t\t\t\t\t\t\t\t\t<div class=\"elementor-testimonial-details\">\n\t\t\t\t\t\t\t\t\t\t\t\t\t\t<div class=\"elementor-testimonial-name\">Varga Mih\u00e1ly Szabolcs<\/div>\n\t\t\t\t\t\t\t\t\t\t\t\t\t\t\t\t\t\t\t\t\t\t<div class=\"elementor-testimonial-job\">Vend\u00e9g\u00fcnk<\/div>\n\t\t\t\t\t\t\t\t\t\t\t\t\t<\/div>\n\t\t\t\t\t\t\t\t\t<\/div>\n\t\t\t<\/div>\n\t\t\t\t\t<\/div>\n\t\t\t\t\t\t<\/div>\n\t\t\t\t<\/div>\n\t\t\t\t\t<\/div>\n\t\t<\/div>\n\t\t\t\t\t<\/div>\n\t\t<\/section>\n\t\t\t\t<section class=\"elementor-section elementor-top-section elementor-element elementor-element-e4e3f66 elementor-section-boxed elementor-section-height-default elementor-section-height-default\" data-id=\"e4e3f66\" data-element_type=\"section\" data-e-type=\"section\">\n\t\t\t\t\t\t<div class=\"elementor-container elementor-column-gap-default\">\n\t\t\t\t\t<div class=\"elementor-column elementor-col-100 elementor-top-column elementor-element elementor-element-ed8839e\" data-id=\"ed8839e\" data-element_type=\"column\" data-e-type=\"column\">\n\t\t\t<div class=\"elementor-widget-wrap elementor-element-populated\">\n\t\t\t\t\t\t<div class=\"elementor-element elementor-element-a6b9bb6 elementor-widget elementor-widget-spacer\" data-id=\"a6b9bb6\" data-element_type=\"widget\" data-e-type=\"widget\" data-widget_type=\"spacer.default\">\n\t\t\t\t<div class=\"elementor-widget-container\">\n\t\t\t\t\t\t\t<div class=\"elementor-spacer\">\n\t\t\t<div class=\"elementor-spacer-inner\"><\/div>\n\t\t<\/div>\n\t\t\t\t\t\t<\/div>\n\t\t\t\t<\/div>\n\t\t\t\t\t<\/div>\n\t\t<\/div>\n\t\t\t\t\t<\/div>\n\t\t<\/section>\n\t\t\t\t<\/div>\n\t\t","protected":false},"excerpt":{"rendered":"<p>&#8222;Nagyszer\u0171en \u00e9rezt\u00fck magunkat. Rengetek program van a k\u00f6rny\u00e9ken, aki szeret horg\u00e1szni annak k\u00f6telez\u0151. Aj\u00e1nlom m\u00e9g a csal\u00e1dosoknak is mert remek\u00fcl lehet v\u00e9gre \u00e9lvezni a nyugalmat \u00e9s a cs\u00f6ndet.&#8221; Harmati Elek Vend\u00e9g\u00fcnk &#8222;Im\u00e1dom a Tisza tavat. Az eg\u00e9sz csal\u00e1dnak nagyszer\u0171 \u00e9lm\u00e9ny volt, de f\u0151leg nekem. Anyak\u00e9nt sokszor megfeledkezik az ember alapvet\u0151 dolgokr\u00f3l (pl.: fogkr\u00e9m, tusf\u00fcrd\u0151 stb&#8230;) &hellip; <\/p>\n<p class=\"link-more\"><a href=\"https:\/\/tiszavirag-vendeghaz.site\/index.php\/rolunkirtak\/\" class=\"more-link\"><span class=\"screen-reader-text\">&#8222;R\u00f3lunk \u00edrt\u00e1k&#8221;<\/span> b\u0151vebben<\/a><\/p>\n","protected":false},"author":1,"featured_media":0,"parent":0,"menu_order":0,"comment_status":"closed","ping_status":"closed","template":"","meta":{"footnotes":""},"class_list":["post-9","page","type-page","status-publish","hentry"],"_links":{"self":[{"href":"https:\/\/tiszavirag-vendeghaz.site\/index.php\/wp-json\/wp\/v2\/pages\/9","targetHints":{"allow":["GET"]}}],"collection":[{"href":"https:\/\/tiszavirag-vendeghaz.site\/index.php\/wp-json\/wp\/v2\/pages"}],"about":[{"href":"https:\/\/tiszavirag-vendeghaz.site\/index.php\/wp-json\/wp\/v2\/types\/page"}],"author":[{"embeddable":true,"href":"https:\/\/tiszavirag-vendeghaz.site\/index.php\/wp-json\/wp\/v2\/users\/1"}],"replies":[{"embeddable":true,"href":"https:\/\/tiszavirag-vendeghaz.site\/index.php\/wp-json\/wp\/v2\/comments?post=9"}],"version-history":[{"count":11,"href":"https:\/\/tiszavirag-vendeghaz.site\/index.php\/wp-json\/wp\/v2\/pages\/9\/revisions"}],"predecessor-version":[{"id":230,"href":"https:\/\/tiszavirag-vendeghaz.site\/index.php\/wp-json\/wp\/v2\/pages\/9\/revisions\/230"}],"wp:attachment":[{"href":"https:\/\/tiszavirag-vendeghaz.site\/index.php\/wp-json\/wp\/v2\/media?parent=9"}],"curies":[{"name":"wp","href":"https:\/\/api.w.org\/{rel}","templated":true}]}}