{"id":36,"date":"2019-09-01T16:00:28","date_gmt":"2019-09-01T16:00:28","guid":{"rendered":"https:\/\/tiszavirag-vendeghaz.site\/?page_id=36"},"modified":"2022-12-12T17:57:13","modified_gmt":"2022-12-12T17:57:13","slug":"foglalas","status":"publish","type":"page","link":"https:\/\/tiszavirag-vendeghaz.site\/index.php\/foglalas\/","title":{"rendered":"Foglal\u00e1s"},"content":{"rendered":"\t\t<div data-elementor-type=\"wp-page\" data-elementor-id=\"36\" class=\"elementor elementor-36\">\n\t\t\t\t\t\t<section class=\"elementor-section elementor-top-section elementor-element elementor-element-44c85c94 elementor-section-boxed elementor-section-height-default elementor-section-height-default\" data-id=\"44c85c94\" data-element_type=\"section\" data-e-type=\"section\">\n\t\t\t\t\t\t<div class=\"elementor-container elementor-column-gap-default\">\n\t\t\t\t\t<div class=\"elementor-column elementor-col-100 elementor-top-column elementor-element elementor-element-5d1a6153\" data-id=\"5d1a6153\" data-element_type=\"column\" data-e-type=\"column\">\n\t\t\t<div class=\"elementor-widget-wrap elementor-element-populated\">\n\t\t\t\t\t\t<div class=\"elementor-element elementor-element-78af51e3 elementor-widget elementor-widget-text-editor\" data-id=\"78af51e3\" data-element_type=\"widget\" data-e-type=\"widget\" data-widget_type=\"text-editor.default\">\n\t\t\t\t<div class=\"elementor-widget-container\">\n\t\t\t\t\t\t\t\t\t<h1><strong><span style=\"color: #000000;\">Kiz\u00e1r\u00f3lag csak M\u00e1jus<span style=\"color: #000000;\">\u00a0elej\u00e9t\u0151l<\/span> Szeptember<span style=\"color: #000000;\">\u00a0v\u00e9g\u00e9ig<\/span> tudunk felvenni Foglal\u00e1st!<\/span><\/strong><\/h1>\n<h1><span style=\"color: #ff0000;\"><strong>Minden m\u00e1s Foglal\u00e1st visszautas\u00edtunk! <\/strong><\/span><\/h1>\n<h1><strong style=\"color: #ff0000; font-size: 1.875rem;\">Minimum foglal\u00e1s 2 egym\u00e1st k\u00f6vet\u0151 nap!<\/strong><\/h1>\n<h3><span style=\"color: #000000;\"><strong>23 000 Ft \/ \u00e9jszaka<\/strong><\/span><\/h3>\n<h3><span style=\"color: #000000;\"><strong>25 000 Ft \/ <\/strong><\/span><span style=\"color: #000000;\"><strong>\u00e9jszaka kis\u00e1llattal<\/strong><\/span><\/h3>\n<p style=\"text-align: left;\"><div class='wpbc_only_calendar wpbc_container'><div id='calendar_booking_unselectable1'><\/div><span ><div style=\"clear:both;height:10px;\"><\/div><div class=\"wpbc_calendar_wraper wpbc_change_over_triangle wpbc_calendar_skin_legacy\"><div class=\"wpbc_cal_container bk_calendar_frame wpbc_no_custom_width  months_num_in_row_ cal_month_num_1 wpbc_timeslot_day_bg_as_available\" style=\"\"><div id=\"calendar_booking1\"  class=\"wpbc_calendar_id_1\" >\t<div class=\"calendar_loader_frame calendar_loader_frame1\"\r\n\t\tdata-wpbc-rid=\"1\"\r\n\t\tdata-wpbc-grace=\"8000\"\r\n\t\tstyle=\"--wpbc-loader-cols: 1;\"\r\n\t>\r\n\t\t<div class=\"calendar_loader_text\">Loading&#8230;<\/div>\r\n\t\t<div class=\"calendar_loader_frame__progress_line_container\">\r\n\t\t\t<div class=\"calendar_loader_frame__progress_line\"><\/div>\r\n\t\t<\/div>\r\n\t<\/div>\r\n\t<\/div><\/div><div style=\"font-size:7px;text-align:left;margin:0 0 10px;text-shadow: none;\">Powered by <a href=\"https:\/\/wpbookingcalendar.com\" style=\"font-size:7px;\" target=\"_blank\" title=\"Booking Calendar plugin for WordPress\">Booking Calendar<\/a><\/div><textarea id=\"date_booking1\" name=\"date_booking1\" autocomplete=\"off\" style=\"display:none;\"><\/textarea><div class=\"block_hints datepick \"><div class=\"wpdev_hint_with_text\"><div class=\"\"><div class=\"datepick-inline wpbc_calendar_legend_table_width_height\"><table class=\"datepick wpbc_calendar\" style=\"\"><tbody><tr><td class=\"datepick-days-cell date_available wpbc_calendar_legend_day_cell_height\"><div class=\"wpbc-cell-box\">\t<div class=\"date-cell-content\">\t\t<div class=\"date-content-top\"><\/div>\t\t<a>&nbsp;<\/a>\t\t<div class=\"date-content-bottom\"><\/div>\t<\/div><\/div><\/td><\/tr><\/tbody><\/table><\/div><\/div><div class=\"block_text\">&#8211; <\/div><div class=\"block_text\">El\u00e9rhet\u0151<\/div><\/div><div class=\"wpdev_hint_with_text\"><div class=\"\"><div class=\"datepick-inline wpbc_calendar_legend_table_width_height\"><table class=\"datepick wpbc_calendar\" style=\"\"><tbody><tr><td class=\"datepick-days-cell datepick-unselectable date_user_unavailable full_day_booking date_approved wpbc_calendar_legend_day_cell_height\"><div class=\"wpbc-cell-box\">\t<div class=\"date-cell-content\">\t\t<div class=\"date-content-top\"><\/div>\t\t<span>&nbsp;<\/span>\t\t<div class=\"date-content-bottom\"><\/div>\t<\/div><\/div><\/td><\/tr><\/tbody><\/table><\/div><\/div><div class=\"block_text\">&#8211; <\/div><div class=\"block_text\">Lefoglalva<\/div><\/div><div class=\"wpdev_hint_with_text\"><div class=\"\"><div class=\"datepick-inline wpbc_calendar_legend_table_width_height\"><table class=\"datepick wpbc_calendar\" style=\"\"><tbody><tr><td class=\"datepick-days-cell datepick-unselectable date_user_unavailable full_day_booking date2approve wpbc_calendar_legend_day_cell_height\"><div class=\"wpbc-cell-box\">\t<div class=\"date-cell-content\">\t\t<div class=\"date-content-top\"><\/div>\t\t<span>&nbsp;<\/span>\t\t<div class=\"date-content-bottom\"><\/div>\t<\/div><\/div><\/td><\/tr><\/tbody><\/table><\/div><\/div><div class=\"block_text\">&#8211; <\/div><div class=\"block_text\">F\u00fcgg\u0151<\/div><\/div><div class=\"wpdev_hint_with_text\"><div class=\"\"><span class=\" wpbc_timeslot_day_bg_as_available wpbc_change_over_triangle\"><div class=\"datepick-inline wpbc_calendar_legend_table_width_height\"><table class=\"datepick wpbc_calendar\" style=\"\"><tbody><tr><td class=\"datepick-days-cell date_available date2approve timespartly times_clock wpbc_calendar_legend_day_cell_height\"><div class=\"wpbc-cell-box\">\t<div class=\"wpbc-diagonal-el\">\t\t<div class=\"wpbc-co-out\"><svg height=\"100%\" width=\"100%\" viewBox=\"0 0 100 100\" preserveAspectRatio=\"none\"><polygon points=\"0,0 0,99 99,0\"><\/polygon><polygon points=\"0,0 0,100 49,100 49,0\"><\/polygon><\/svg><\/div>\t\t<div class=\"wpbc-co-in\"><svg height=\"100%\" width=\"100%\" viewBox=\"0 0 98 98\" preserveAspectRatio=\"none\"><polygon points=\"0,99 99,99 99,0\"><\/polygon><polygon points=\"50,98 98,98 98,0 50,0\"><\/polygon><\/svg><\/div>\t<\/div>\t<div class=\"date-cell-content\">\t\t<div class=\"date-content-top\"><div class=\"wpbc_time_dots\">\u00b7<\/div><\/div>\t\t<a>&nbsp;<\/a>\t\t<div class=\"date-content-bottom\"><\/div>\t<\/div><\/div><\/td><\/tr><\/tbody><\/table><\/div><\/span><\/div><div class=\"block_text\">&#8211; <\/div><div class=\"block_text\">R\u00e9szben lefoglalva<\/div><\/div><\/div><\/div> <\/span><\/div><\/p>\n<h2>Foglal\u00e1s\u00e9rt k\u00e9rem H\u00edvja az al\u00e1bbi telefonsz\u00e1mokat:<\/h2>\n<h2><strong>06-70-946-5208<\/strong><\/h2>\n<h2><strong>06-30-369-4434<\/strong><\/h2>\n<h2>Email c\u00edm\u00fcnkre is \u00edrhat:<\/h2>\n<h2><strong>info@tiszavirag-vendeghaz.site<\/strong><\/h2>\n\n<p>\u00a0<\/p>\n\t\t\t\t\t\t\t\t<\/div>\n\t\t\t\t<\/div>\n\t\t\t\t\t<\/div>\n\t\t<\/div>\n\t\t\t\t\t<\/div>\n\t\t<\/section>\n\t\t\t\t<\/div>\n\t\t","protected":false},"excerpt":{"rendered":"<p>Kiz\u00e1r\u00f3lag csak M\u00e1jus\u00a0elej\u00e9t\u0151l Szeptember\u00a0v\u00e9g\u00e9ig tudunk felvenni Foglal\u00e1st! Minden m\u00e1s Foglal\u00e1st visszautas\u00edtunk! Minimum foglal\u00e1s 2 egym\u00e1st k\u00f6vet\u0151 nap! 23 000 Ft \/ \u00e9jszaka 25 000 Ft \/ \u00e9jszaka kis\u00e1llattal Foglal\u00e1s\u00e9rt k\u00e9rem H\u00edvja az al\u00e1bbi telefonsz\u00e1mokat: 06-70-946-5208 06-30-369-4434 Email c\u00edm\u00fcnkre is \u00edrhat: info@tiszavirag-vendeghaz.site \u00a0<\/p>\n","protected":false},"author":1,"featured_media":0,"parent":0,"menu_order":0,"comment_status":"closed","ping_status":"closed","template":"","meta":{"footnotes":""},"class_list":["post-36","page","type-page","status-publish","hentry"],"_links":{"self":[{"href":"https:\/\/tiszavirag-vendeghaz.site\/index.php\/wp-json\/wp\/v2\/pages\/36","targetHints":{"allow":["GET"]}}],"collection":[{"href":"https:\/\/tiszavirag-vendeghaz.site\/index.php\/wp-json\/wp\/v2\/pages"}],"about":[{"href":"https:\/\/tiszavirag-vendeghaz.site\/index.php\/wp-json\/wp\/v2\/types\/page"}],"author":[{"embeddable":true,"href":"https:\/\/tiszavirag-vendeghaz.site\/index.php\/wp-json\/wp\/v2\/users\/1"}],"replies":[{"embeddable":true,"href":"https:\/\/tiszavirag-vendeghaz.site\/index.php\/wp-json\/wp\/v2\/comments?post=36"}],"version-history":[{"count":31,"href":"https:\/\/tiszavirag-vendeghaz.site\/index.php\/wp-json\/wp\/v2\/pages\/36\/revisions"}],"predecessor-version":[{"id":287,"href":"https:\/\/tiszavirag-vendeghaz.site\/index.php\/wp-json\/wp\/v2\/pages\/36\/revisions\/287"}],"wp:attachment":[{"href":"https:\/\/tiszavirag-vendeghaz.site\/index.php\/wp-json\/wp\/v2\/media?parent=36"}],"curies":[{"name":"wp","href":"https:\/\/api.w.org\/{rel}","templated":true}]}}