{"id":10,"date":"2019-09-01T14:42:26","date_gmt":"2019-09-01T14:42:26","guid":{"rendered":"https:\/\/tiszavirag-vendeghaz.site\/?page_id=10"},"modified":"2020-05-25T14:40:56","modified_gmt":"2020-05-25T14:40:56","slug":"elerhetoseg","status":"publish","type":"page","link":"https:\/\/tiszavirag-vendeghaz.site\/index.php\/elerhetoseg\/","title":{"rendered":"El\u00e9rhet\u0151s\u00e9g"},"content":{"rendered":"\t\t<div data-elementor-type=\"wp-post\" data-elementor-id=\"10\" class=\"elementor elementor-10\">\n\t\t\t\t\t\t<section class=\"elementor-section elementor-top-section elementor-element elementor-element-58afb3d4 elementor-section-boxed elementor-section-height-default elementor-section-height-default\" data-id=\"58afb3d4\" data-element_type=\"section\" data-e-type=\"section\">\n\t\t\t\t\t\t<div class=\"elementor-container elementor-column-gap-default\">\n\t\t\t\t\t<div class=\"elementor-column elementor-col-100 elementor-top-column elementor-element elementor-element-4b74ca1a\" data-id=\"4b74ca1a\" data-element_type=\"column\" data-e-type=\"column\">\n\t\t\t<div class=\"elementor-widget-wrap elementor-element-populated\">\n\t\t\t\t\t\t<div class=\"elementor-element elementor-element-2cd5cdfb elementor-invisible elementor-widget elementor-widget-text-editor\" data-id=\"2cd5cdfb\" data-element_type=\"widget\" data-e-type=\"widget\" data-settings=\"{&quot;_animation&quot;:&quot;fadeIn&quot;}\" data-widget_type=\"text-editor.default\">\n\t\t\t\t<div class=\"elementor-widget-container\">\n\t\t\t\t\t\t\t\t\t<h1 class=\"topright\"><strong><span class=\"username\">Email: <\/span><\/strong><strong><span class=\"username\">info@tiszavirag-vendeghaz.site<\/span><\/strong><\/h1>\n<h1><strong>Telefon:<\/strong><\/h1><div>\n<h1><strong>06-70-946-5208<\/strong><\/h1>\n<h1><strong>06-30-369-4434<\/strong><\/h1>\n<\/div>\n<div>&nbsp;<\/div>\n<div>&nbsp;<\/div>\n<p><\/p>\n<p><\/p>\t\t\t\t\t\t\t\t<\/div>\n\t\t\t\t<\/div>\n\t\t\t\t\t<\/div>\n\t\t<\/div>\n\t\t\t\t\t<\/div>\n\t\t<\/section>\n\t\t\t\t<section class=\"elementor-section elementor-top-section elementor-element elementor-element-5a57757 elementor-section-boxed elementor-section-height-default elementor-section-height-default\" data-id=\"5a57757\" data-element_type=\"section\" data-e-type=\"section\">\n\t\t\t\t\t\t<div class=\"elementor-container elementor-column-gap-default\">\n\t\t\t\t\t<div class=\"elementor-column elementor-col-100 elementor-top-column elementor-element elementor-element-a2ba4c7\" data-id=\"a2ba4c7\" data-element_type=\"column\" data-e-type=\"column\">\n\t\t\t<div class=\"elementor-widget-wrap elementor-element-populated\">\n\t\t\t\t\t\t<div class=\"elementor-element elementor-element-8dc7aea elementor-align-center elementor-invisible elementor-widget elementor-widget-button\" data-id=\"8dc7aea\" data-element_type=\"widget\" data-e-type=\"widget\" data-settings=\"{&quot;_animation&quot;:&quot;fadeInDown&quot;}\" data-widget_type=\"button.default\">\n\t\t\t\t<div class=\"elementor-widget-container\">\n\t\t\t\t\t\t\t\t\t<div class=\"elementor-button-wrapper\">\n\t\t\t\t\t<a class=\"elementor-button elementor-button-link elementor-size-xl\" href=\"https:\/\/tiszavirag-vendeghaz.site\/index.php\/foglalas\/\">\n\t\t\t\t\t\t<span class=\"elementor-button-content-wrapper\">\n\t\t\t\t\t\t\t\t\t<span class=\"elementor-button-text\">Foglalj most!<\/span>\n\t\t\t\t\t<\/span>\n\t\t\t\t\t<\/a>\n\t\t\t\t<\/div>\n\t\t\t\t\t\t\t\t<\/div>\n\t\t\t\t<\/div>\n\t\t\t\t\t<\/div>\n\t\t<\/div>\n\t\t\t\t\t<\/div>\n\t\t<\/section>\n\t\t\t\t<\/div>\n\t\t","protected":false},"excerpt":{"rendered":"<p>Email: info@tiszavirag-vendeghaz.site Telefon: 06-70-946-5208 06-30-369-4434 &nbsp; &nbsp; Foglalj most!<\/p>\n","protected":false},"author":1,"featured_media":0,"parent":0,"menu_order":0,"comment_status":"closed","ping_status":"closed","template":"","meta":{"footnotes":""},"class_list":["post-10","page","type-page","status-publish","hentry"],"_links":{"self":[{"href":"https:\/\/tiszavirag-vendeghaz.site\/index.php\/wp-json\/wp\/v2\/pages\/10","targetHints":{"allow":["GET"]}}],"collection":[{"href":"https:\/\/tiszavirag-vendeghaz.site\/index.php\/wp-json\/wp\/v2\/pages"}],"about":[{"href":"https:\/\/tiszavirag-vendeghaz.site\/index.php\/wp-json\/wp\/v2\/types\/page"}],"author":[{"embeddable":true,"href":"https:\/\/tiszavirag-vendeghaz.site\/index.php\/wp-json\/wp\/v2\/users\/1"}],"replies":[{"embeddable":true,"href":"https:\/\/tiszavirag-vendeghaz.site\/index.php\/wp-json\/wp\/v2\/comments?post=10"}],"version-history":[{"count":8,"href":"https:\/\/tiszavirag-vendeghaz.site\/index.php\/wp-json\/wp\/v2\/pages\/10\/revisions"}],"predecessor-version":[{"id":247,"href":"https:\/\/tiszavirag-vendeghaz.site\/index.php\/wp-json\/wp\/v2\/pages\/10\/revisions\/247"}],"wp:attachment":[{"href":"https:\/\/tiszavirag-vendeghaz.site\/index.php\/wp-json\/wp\/v2\/media?parent=10"}],"curies":[{"name":"wp","href":"https:\/\/api.w.org\/{rel}","templated":true}]}}